{"id":7,"date":"2025-05-27T10:02:09","date_gmt":"2025-05-27T10:02:09","guid":{"rendered":"https:\/\/umami-gga.com\/?page_id=7"},"modified":"2025-05-27T18:04:07","modified_gmt":"2025-05-27T18:04:07","slug":"7-2","status":"publish","type":"page","link":"https:\/\/umami-gga.com\/","title":{"rendered":"UMAMI &#8211; nahrani znati\u017eelju"},"content":{"rendered":"\n<div class=\"wp-block-group alignfull has-global-padding is-layout-constrained wp-block-group-is-layout-constrained\" style=\"margin-top:0;margin-bottom:0\">\n<div class=\"wp-block-columns alignfull is-layout-flex wp-container-core-columns-is-layout-9c22b1e3 wp-block-columns-is-layout-flex\">\n<div class=\"wp-block-column is-vertically-aligned-center is-layout-flow wp-block-column-is-layout-flow\" style=\"padding-top:var(--wp--preset--spacing--60);padding-right:var(--wp--preset--spacing--60);padding-bottom:var(--wp--preset--spacing--60);padding-left:var(--wp--preset--spacing--60)\">\n<h2 class=\"wp-block-heading has-text-align-center has-xx-large-font-size\">UMAMI &#8211; nahrani znati\u017eelju<\/h2>\n\n\n\n<figure class=\"wp-block-image aligncenter size-full is-resized\"><img loading=\"lazy\" decoding=\"async\" width=\"889\" height=\"281\" src=\"https:\/\/umami-gga.com\/wp-content\/uploads\/2025\/05\/UMAMI_logo-narancasti_26-removebg-preview.png\" alt=\"\" class=\"wp-image-14\" style=\"width:509px;height:auto\" srcset=\"https:\/\/umami-gga.com\/wp-content\/uploads\/2025\/05\/UMAMI_logo-narancasti_26-removebg-preview.png 889w, https:\/\/umami-gga.com\/wp-content\/uploads\/2025\/05\/UMAMI_logo-narancasti_26-removebg-preview-300x95.png 300w, https:\/\/umami-gga.com\/wp-content\/uploads\/2025\/05\/UMAMI_logo-narancasti_26-removebg-preview-768x243.png 768w\" sizes=\"auto, (max-width: 889px) 100vw, 889px\" \/><\/figure>\n\n\n\n<p><br>Umami restoran pru\u017ea jedinstveno iskustvo fuzije azijske kuhinje, stvaraju\u0107i harmoniju egzoti\u010dnih i poznatih okusa. Na\u0161a ponuda pa\u017eljivo je osmi\u0161ljena kako bi zadovoljila one koji vole istra\u017eivati nove kulinarske svjetove, ali i one koji preferiraju sigurnost poznatih okusa.<\/p>\n\n\n\n<p>Na nekoliko lokacija diljem Hrvatske Umami donosi svje\u017einu i kvalitetu azijskih specijaliteta. S posebnom pa\u017enjom prema detaljima, na\u0161i kuhari koriste najbolje namirnice kako bi svako jelo bilo ukusno izbalansirano i nezaboravno.<\/p>\n\n\n\n<p>U ugodnom ambijentu Umamija u\u017eivajte u raznolikim jelima, od aromati\u010dnih ramen juha, egzoti\u010dnih wokova i sushi rolica do svje\u017eih proljetnih rolica i nezaboravnih deserata. Svaka posjeta na\u0161em restoranu poziv je na novo gastronomsko putovanje!<\/p>\n\n\n\n<p>Posjetite nas i otkrijte za\u0161to Umami nije samo hrana, ve\u0107 do\u017eivljaj okusa!<br><br><strong><mark style=\"background-color:rgba(0, 0, 0, 0);color:#ff830f\" class=\"has-inline-color\"><a href=\"https:\/\/umami-gga.com\/wp-content\/uploads\/2025\/05\/UMAMI-A4-engleski-VRBANI-BRAN-RADN-AVMALL-izmjena.pdf\" target=\"_blank\" rel=\"noopener\" title=\"\">Pogledajte na\u0161 MENU<\/a><\/mark><\/strong><\/p>\n\n\n\n<p class=\"has-medium-font-size\"><\/p>\n<\/div>\n<\/div>\n<\/div>\n\n\n\n<div class=\"wp-block-group alignfull has-global-padding is-layout-constrained wp-container-core-group-is-layout-54af5b55 wp-block-group-is-layout-constrained\" style=\"margin-top:0;margin-bottom:0;padding-top:var(--wp--preset--spacing--60);padding-bottom:var(--wp--preset--spacing--60)\">\n<h2 class=\"wp-block-heading alignwide has-text-align-center has-x-large-font-size\"><strong>NARU\u010cI I PREUZMI IZ NAJBLI\u017dEG UMAMIJA<\/strong><\/h2>\n\n\n\n<div class=\"wp-block-buttons alignwide has-custom-font-size has-medium-font-size is-content-justification-center is-layout-flex wp-container-core-buttons-is-layout-c124d1c4 wp-block-buttons-is-layout-flex\">\n<div class=\"wp-block-button is-style-fill\"><a class=\"wp-block-button__link wp-element-button\" href=\"https:\/\/umami-branimirova.order.app.hd.digital\/menus\">Branimirova<\/a><\/div>\n\n\n\n<div class=\"wp-block-button\"><a class=\"wp-block-button__link wp-element-button\" href=\"https:\/\/umami-radnicka.order.app.hd.digital\/menus\">Radni\u010dka<\/a><\/div>\n\n\n\n<div class=\"wp-block-button\"><a class=\"wp-block-button__link wp-element-button\" href=\"https:\/\/umami-vrbani.order.app.hd.digital\/menus\">Vrbani<\/a><\/div>\n\n\n\n<div class=\"wp-block-button\"><a class=\"wp-block-button__link wp-element-button\" href=\"https:\/\/umami-avenue-mall.order.app.hd.digital\/menus\">Avenue Mall<\/a><\/div>\n\n\n\n<div class=\"wp-block-button\"><a class=\"wp-block-button__link wp-element-button\" href=\"https:\/\/umami-kajzerica.order.app.hd.digital\/menus\">Kajzerica<\/a><\/div>\n<\/div>\n<\/div>\n\n\n\n<div class=\"wp-block-group alignfull has-background-color is-layout-flow wp-block-group-is-layout-flow\" style=\"margin-top:0;margin-bottom:0;padding-top:var(--wp--preset--spacing--50);padding-right:var(--wp--preset--spacing--30);padding-bottom:var(--wp--preset--spacing--50);padding-left:var(--wp--preset--spacing--30)\">\n<div class=\"wp-block-group alignfull has-small-font-size is-content-justification-space-between is-nowrap is-layout-flex wp-container-core-group-is-layout-cc97c919 wp-block-group-is-layout-flex\"><h1 class=\"wp-block-site-title has-small-font-size wp-container-content-b0223bd5\"><a href=\"https:\/\/umami-gga.com\" target=\"_self\" rel=\"home\">Umami Restorani<\/a><\/h1>\n\n\n<div class=\"wp-block-group wp-container-content-9cfa9a5a is-vertical is-content-justification-center is-layout-flex wp-container-core-group-is-layout-ce155fab wp-block-group-is-layout-flex\">\n<p class=\"has-text-align-center has-small-font-size\"><strong>GASTRO GERILA ASSETS d.o.o.<\/strong><\/p>\n<\/div>\n\n\n\n<ul class=\"wp-block-social-links has-small-icon-size is-style-logos-only wp-container-content-b0223bd5 is-content-justification-right is-nowrap is-layout-flex wp-container-core-social-links-is-layout-ad1cd33a wp-block-social-links-is-layout-flex\"><li class=\"wp-social-link wp-social-link-instagram  wp-block-social-link\"><a href=\"https:\/\/www.instagram.com\/umami_restoran\/\" class=\"wp-block-social-link-anchor\"><svg width=\"24\" height=\"24\" viewBox=\"0 0 24 24\" version=\"1.1\" xmlns=\"http:\/\/www.w3.org\/2000\/svg\" aria-hidden=\"true\" focusable=\"false\"><path d=\"M12,4.622c2.403,0,2.688,0.009,3.637,0.052c0.877,0.04,1.354,0.187,1.671,0.31c0.42,0.163,0.72,0.358,1.035,0.673 c0.315,0.315,0.51,0.615,0.673,1.035c0.123,0.317,0.27,0.794,0.31,1.671c0.043,0.949,0.052,1.234,0.052,3.637 s-0.009,2.688-0.052,3.637c-0.04,0.877-0.187,1.354-0.31,1.671c-0.163,0.42-0.358,0.72-0.673,1.035 c-0.315,0.315-0.615,0.51-1.035,0.673c-0.317,0.123-0.794,0.27-1.671,0.31c-0.949,0.043-1.233,0.052-3.637,0.052 s-2.688-0.009-3.637-0.052c-0.877-0.04-1.354-0.187-1.671-0.31c-0.42-0.163-0.72-0.358-1.035-0.673 c-0.315-0.315-0.51-0.615-0.673-1.035c-0.123-0.317-0.27-0.794-0.31-1.671C4.631,14.688,4.622,14.403,4.622,12 s0.009-2.688,0.052-3.637c0.04-0.877,0.187-1.354,0.31-1.671c0.163-0.42,0.358-0.72,0.673-1.035 c0.315-0.315,0.615-0.51,1.035-0.673c0.317-0.123,0.794-0.27,1.671-0.31C9.312,4.631,9.597,4.622,12,4.622 M12,3 C9.556,3,9.249,3.01,8.289,3.054C7.331,3.098,6.677,3.25,6.105,3.472C5.513,3.702,5.011,4.01,4.511,4.511 c-0.5,0.5-0.808,1.002-1.038,1.594C3.25,6.677,3.098,7.331,3.054,8.289C3.01,9.249,3,9.556,3,12c0,2.444,0.01,2.751,0.054,3.711 c0.044,0.958,0.196,1.612,0.418,2.185c0.23,0.592,0.538,1.094,1.038,1.594c0.5,0.5,1.002,0.808,1.594,1.038 c0.572,0.222,1.227,0.375,2.185,0.418C9.249,20.99,9.556,21,12,21s2.751-0.01,3.711-0.054c0.958-0.044,1.612-0.196,2.185-0.418 c0.592-0.23,1.094-0.538,1.594-1.038c0.5-0.5,0.808-1.002,1.038-1.594c0.222-0.572,0.375-1.227,0.418-2.185 C20.99,14.751,21,14.444,21,12s-0.01-2.751-0.054-3.711c-0.044-0.958-0.196-1.612-0.418-2.185c-0.23-0.592-0.538-1.094-1.038-1.594 c-0.5-0.5-1.002-0.808-1.594-1.038c-0.572-0.222-1.227-0.375-2.185-0.418C14.751,3.01,14.444,3,12,3L12,3z M12,7.378 c-2.552,0-4.622,2.069-4.622,4.622S9.448,16.622,12,16.622s4.622-2.069,4.622-4.622S14.552,7.378,12,7.378z M12,15 c-1.657,0-3-1.343-3-3s1.343-3,3-3s3,1.343,3,3S13.657,15,12,15z M16.804,6.116c-0.596,0-1.08,0.484-1.08,1.08 s0.484,1.08,1.08,1.08c0.596,0,1.08-0.484,1.08-1.08S17.401,6.116,16.804,6.116z\"><\/path><\/svg><span class=\"wp-block-social-link-label screen-reader-text\">Instagram<\/span><\/a><\/li>\n\n<li class=\"wp-social-link wp-social-link-facebook  wp-block-social-link\"><a href=\"https:\/\/www.facebook.com\/umami.restoran\" class=\"wp-block-social-link-anchor\"><svg width=\"24\" height=\"24\" viewBox=\"0 0 24 24\" version=\"1.1\" xmlns=\"http:\/\/www.w3.org\/2000\/svg\" aria-hidden=\"true\" focusable=\"false\"><path d=\"M12 2C6.5 2 2 6.5 2 12c0 5 3.7 9.1 8.4 9.9v-7H7.9V12h2.5V9.8c0-2.5 1.5-3.9 3.8-3.9 1.1 0 2.2.2 2.2.2v2.5h-1.3c-1.2 0-1.6.8-1.6 1.6V12h2.8l-.4 2.9h-2.3v7C18.3 21.1 22 17 22 12c0-5.5-4.5-10-10-10z\"><\/path><\/svg><span class=\"wp-block-social-link-label screen-reader-text\">Facebook<\/span><\/a><\/li><\/ul>\n<\/div>\n<\/div>\n\n\n\n<p><\/p>\n","protected":false},"excerpt":{"rendered":"<p>UMAMI &#8211; nahrani znati\u017eelju Umami restoran pru\u017ea jedinstveno iskustvo fuzije azijske kuhinje, stvaraju\u0107i harmoniju egzoti\u010dnih i poznatih okusa. Na\u0161a ponuda pa\u017eljivo je osmi\u0161ljena kako bi zadovoljila one koji vole istra\u017eivati nove kulinarske svjetove, ali i one koji preferiraju sigurnost poznatih okusa. Na nekoliko lokacija diljem Hrvatske Umami donosi svje\u017einu i kvalitetu azijskih specijaliteta. S posebnom [&hellip;]<\/p>\n","protected":false},"author":1,"featured_media":52,"parent":0,"menu_order":0,"comment_status":"closed","ping_status":"closed","template":"","meta":{"footnotes":""},"class_list":["post-7","page","type-page","status-publish","has-post-thumbnail","hentry"],"aioseo_notices":[],"_links":{"self":[{"href":"https:\/\/umami-gga.com\/index.php\/wp-json\/wp\/v2\/pages\/7","targetHints":{"allow":["GET"]}}],"collection":[{"href":"https:\/\/umami-gga.com\/index.php\/wp-json\/wp\/v2\/pages"}],"about":[{"href":"https:\/\/umami-gga.com\/index.php\/wp-json\/wp\/v2\/types\/page"}],"author":[{"embeddable":true,"href":"https:\/\/umami-gga.com\/index.php\/wp-json\/wp\/v2\/users\/1"}],"replies":[{"embeddable":true,"href":"https:\/\/umami-gga.com\/index.php\/wp-json\/wp\/v2\/comments?post=7"}],"version-history":[{"count":22,"href":"https:\/\/umami-gga.com\/index.php\/wp-json\/wp\/v2\/pages\/7\/revisions"}],"predecessor-version":[{"id":62,"href":"https:\/\/umami-gga.com\/index.php\/wp-json\/wp\/v2\/pages\/7\/revisions\/62"}],"wp:featuredmedia":[{"embeddable":true,"href":"https:\/\/umami-gga.com\/index.php\/wp-json\/wp\/v2\/media\/52"}],"wp:attachment":[{"href":"https:\/\/umami-gga.com\/index.php\/wp-json\/wp\/v2\/media?parent=7"}],"curies":[{"name":"wp","href":"https:\/\/api.w.org\/{rel}","templated":true}]}}